{"id":98,"date":"2016-08-12T17:00:52","date_gmt":"2016-08-12T17:00:52","guid":{"rendered":"http:\/\/volcanoesnight.com\/?page_id=98"},"modified":"2021-09-10T18:09:15","modified_gmt":"2021-09-10T18:09:15","slug":"entidades-organizadoras","status":"publish","type":"page","link":"https:\/\/volcanoesnight.com\/?page_id=98","title":{"rendered":"Organizadores \u00b7 Organizers"},"content":{"rendered":"<p>[et_pb_section fb_built=\u00bb1&#8243; admin_label=\u00bbsection\u00bb _builder_version=\u00bb3.22&#8243; global_colors_info=\u00bb{}\u00bb][et_pb_row _builder_version=\u00bb3.25&#8243; background_size=\u00bbinitial\u00bb background_position=\u00bbtop_left\u00bb background_repeat=\u00bbrepeat\u00bb global_colors_info=\u00bb{}\u00bb][et_pb_column type=\u00bb4_4&#8243; _builder_version=\u00bb3.25&#8243; custom_padding=\u00bb|||\u00bb global_colors_info=\u00bb{}\u00bb custom_padding__hover=\u00bb|||\u00bb][et_pb_text _builder_version=\u00bb4.10.6&#8243; background_size=\u00bbinitial\u00bb background_position=\u00bbtop_left\u00bb background_repeat=\u00bbrepeat\u00bb hover_enabled=\u00bb0&#8243; use_border_color=\u00bboff\u00bb global_colors_info=\u00bb{}\u00bb sticky_enabled=\u00bb0&#8243;]<\/p>\n<div class=\"entry-content\">\n<ol>\n<li><a href=\"http:\/\/www.involcan.org\/\" target=\"_blank\" rel=\"noopener\">Instituto Volcanol\u00f3gico de Canarias<\/a> (Tenerife, Islas Canarias), SPAIN &#8211; <strong>Coordinador Proyecto \/ Project Coordinator<\/strong><\/li>\n<li><a href=\"http:\/\/iter.es\/\" target=\"_blank\" rel=\"noopener\">Instituto Tecnol\u00f3gico y de Energ\u00edas Renovables<\/a> (Tenerife, Islas Canarias), SPAIN<\/li>\n<li><a href=\"https:\/\/www.uclm.es\/profesorado\/egcardenas\/grupo.htm\">GEOVOL \u2013 Universidad de Castilla La Mancha, UCLM<\/a> (Ciudad Real, Castilla La Mancha), SPAIN<\/li>\n<li><a href=\"http:\/\/www.ivar.azores.gov.pt\/civisa\/Paginas\/homeCIVISA.aspx\">CIVISA \u2013 Centro de Informa\u00e7\u00e3o e Vigil\u00e2ncia Sismovulc\u00e2nica dos A\u00e7ores<\/a> (Ponta Delgada), PORTUGAL<\/li>\n<li><a href=\"http:\/\/www.ov.ingv.it\/ov\/\"> Istituto Nazionale di Geofisica e Vulcanologia, INGV &#8211; Osservatorio Vesuviano<\/a>, (Napoli), ITALY<\/li>\n<li><a href=\"http:\/\/www.ct.ingv.it\/it\/\"> Istituto Nazionale di Geofisica e Vulcanologia, INGV \u2013 Sezione di Catania<\/a>, (Catania), ITALY<\/li>\n<li><a href=\"http:\/\/www.bo.ingv.it\/\">Istituto Nazionale di Geofisica e Vulcanologia, INGV &#8211; Sezione di Bologna<\/a>, (Bologna), ITALY<\/li>\n<li><a href=\"http:\/\/vulkanologia.elte.hu\/\">MTA-ELTE Volcanology Research Group,\u00a0E\u00f6tv\u00f6s University<\/a> (Budapest), HUNGARY<\/li>\n<li><a href=\"https:\/\/www.ulisboa.pt\/\">Universidade de Lisboa<\/a> (Lisboa), PORTUGAL<\/li>\n<li><a href=\"https:\/\/www.univ-tours.fr\/\">Universit\u00e9 de Tours<\/a> (Tours), FRANCE<\/li>\n<li><a href=\"https:\/\/igeo.ucm-csic.es\/\">Instituto de Geociencias, IGEO, UCM-CSIC<\/a> (Madrid), SPAIN<\/li>\n<li><a href=\"http:\/\/www.igme.es\/\">Instituto Geol\u00f3gico y Minero de Espa\u00f1a, IGME-CSIC<\/a> (Madrid), SPAIN<\/li>\n<li><a href=\"https:\/\/www.ub.edu\/web\/portal\/es\/\">Universitat de Barcelona<\/a> (Barcelona, Catalunya), SPAIN<\/li>\n<li><a href=\"https:\/\/hs-duesseldorf.de\/en\">Hochschule D\u00fcsseldorf University of Applied Sciences<\/a>, (D\u00fcsseldorf), GERMANY<\/li>\n<li><a href=\"https:\/\/ifcn.madeira.gov.pt\/\">Instituto das Florestas e Conserva\u00e7\u00e3o da Natureza, IP-RAM<\/a> (Funchal, Madeira) PORTUGAL<\/li>\n<li><a href=\"http:\/\/www.sveurop.org\/gb\/menu\/fr_menu.htm\">European Volcanological Society<\/a>, (Geneva), SWITZERLAND<\/li>\n<li><a href=\"http:\/\/www.olotcultura.cat\/equipaments\/museus-dolot\/museu-dels-volcans\/\" target=\"_blank\" rel=\"noopener\">Museu dels Volcans de Olot<\/a> (Girona, Catalu\u00f1a), SPAIN<\/li>\n<li><a href=\"http:\/\/ca.turismegarrotxa.com\/territori-i-natura\/parc-natural-i-espais-protegits\/parc-natural-de-la-zona-volcanica-de-la-garrotxa\/\" target=\"_blank\" rel=\"noopener\">Parc Natural de la zona volc\u00e1nica de La Garrotxa<\/a> (Girona, Catalu\u00f1a), SPAIN<\/li>\n<li><a href=\"http:\/\/www.sveurop.org\/gb\/menu\/fr_menu.htm\">European Volcanological Society<\/a>, (Geneva), SWITZERLAND<\/li>\n<li><a href=\"https:\/\/www.facebook.com\/Sociedad-Volcanol%C3%B3gica-de-Espa%C3%B1a-SVE-149929015039977\">Sociedad Volcanol\u00f3gica de Espa\u00f1a<\/a> (Tenerife, Islas Canarias), SPAIN<\/li>\n<li><a href=\"http:\/\/www.campodecalatrava.com\/\">Asociaci\u00f3n para el Desarrollo de los Campos de Calatrava &#8211; Centro de Estudios Calatravos<\/a> (Ciudad Real), SPAIN<\/li>\n<li><a href=\"http:\/\/www.fuencalientedelapalma.es\/\" target=\"_blank\" rel=\"noopener\">Ayuntamiento de Fuencaliente<\/a> (La Palma, Islas Canarias), SPAIN<\/li>\n<li><a href=\"http:\/\/www.puertodelacruz.es\/\">Ayuntamiento de Puerto de la Cruz<\/a> (Tenerife, Islas Canarias), SPAIN<\/li>\n<li><a href=\"http:\/\/www.ciudadreal.es\/\">Ayuntamiento de\u00a0Ciudad Real\u00a0<\/a>(Ciudad Real, Castilla La Mancha), SPAIN<\/li>\n<li><a href=\"https:\/\/www.olot.cat\/\" target=\"_blank\" rel=\"noopener\">Ayuntamiento de Olot<\/a> (Girona, Catalu\u00f1a), SPAIN<\/li>\n<li><a href=\"http:\/\/www.sodepal.es\/\" target=\"_blank\" rel=\"noopener\">Sociedad de Promoci\u00f3n y Desarrollo Econ\u00f3mico de la Isla de La Palma<\/a> (La Palma, Islas Canarias), SPAIN<\/li>\n<li><a href=\"http:\/\/www.cabildodelapalma.es\/portal\/principal.jsp?codResi=1\" target=\"_blank\" rel=\"noopener\">Cabildo Insular de La Palma<\/a> (La Palma, Islas Canarias), SPAIN<\/li>\n<li><a href=\"http:\/\/www.tenerife.es\/wps\/portal\/tenerifees\" target=\"_blank\" rel=\"noopener\">Cabildo Insular de Tenerife<\/a> (Tenerife, Islas Canarias), SPAIN<\/li>\n<li><a href=\"http:\/\/www.dipucr.es\/\" target=\"_blank\" rel=\"noopener\">Diputaci\u00f3n de Ciudad Real<\/a> (Ciudad Real, Castilla La Mancha), SPAIN<\/li>\n<\/ol>\n<\/div>\n<p>[\/et_pb_text][\/et_pb_column][\/et_pb_row][\/et_pb_section]<\/p>\n","protected":false},"excerpt":{"rendered":"<p>Instituto Volcanol\u00f3gico de Canarias (Tenerife, Islas Canarias), SPAIN &#8211; Coordinador Proyecto \/ Project Coordinator Instituto Tecnol\u00f3gico y de Energ\u00edas Renovables (Tenerife, Islas Canarias), SPAIN GEOVOL \u2013 Universidad de Castilla La Mancha, UCLM (Ciudad Real, Castilla La Mancha), SPAIN CIVISA \u2013 Centro de Informa\u00e7\u00e3o e Vigil\u00e2ncia Sismovulc\u00e2nica dos A\u00e7ores (Ponta Delgada), PORTUGAL Istituto Nazionale di Geofisica [&hellip;]<\/p>\n","protected":false},"author":1,"featured_media":0,"parent":0,"menu_order":30,"comment_status":"closed","ping_status":"closed","template":"","meta":{"_et_pb_use_builder":"on","_et_pb_old_content":"<div class=\"entry-content\"><ol><li><a href=\"http:\/\/www.involcan.org\/\" target=\"_blank\">Instituto Volcanol\u00f3gico de Canarias<\/a> (Islas Canarias), Espa\u00f1a<\/li><li><a href=\"http:\/\/iter.es\/\" target=\"_blank\">Instituto Tecnol\u00f3gico y de Energ\u00edas Renovables<\/a> (Tenerife, Islas Canarias), Espa\u00f1a<\/li><li><a href=\"http:\/\/www.uclm.es\/\"> Universidad de Castilla La Mancha, UCLM<\/a> (Ciudad Real, Castilla La Mancha), Espa\u00f1a<\/li><li><a href=\"http:\/\/www.ov.ingv.it\/ov\/\"> Istituto Nazionale di Geofisica e Vulcanologia, INGV - Osservatorio Vesuviano <\/a>(Napoles), Italia<\/li><li><a href=\"http:\/\/www.ct.ingv.it\/it\/\"> Istituto Nazionale di Geofisica e Vulcanologia, INGV \u2013 Sezione di Catania<\/a> (Catania), Italia<\/li><li><a href=\"http:\/\/www.port.ac.uk\/\"> University of Portsmouth<\/a> (Portsmouth), Reino Unido<\/li><li><a href=\"http:\/\/ovga.centrosciencia.azores.gov.pt\/\">Observat\u00f3rio Vulcanol\u00f3gico e Geot\u00e9rmico dos A\u00e7ores, OVGA<\/a> (S\u00e3o Miguel, A\u00e7ores), Portugal<\/li><li><a href=\"http:\/\/geoparqueelhierro.es\/\" target=\"_blank\">Geoparque El Hierro<\/a> (El Hierro, Islas Canarias), Espa\u00f1a<\/li><li><a href=\"http:\/\/www.geoparquelanzarote.org\/\">Geoparque Lanzarote y Archipi\u00e9lago Chinijo<\/a> (Lanzarote, Islas Canarias), Espa\u00f1a<\/li><li><a href=\"http:\/\/www.olotcultura.cat\/equipaments\/museus-dolot\/museu-dels-volcans\/\" target=\"_blank\">Museu dels volcans de Olot<\/a>\u00a0(Girona, Catalu\u00f1a), Espa\u00f1a<\/li><li><a href=\"http:\/\/ca.turismegarrotxa.com\/territori-i-natura\/parc-natural-i-espais-protegits\/parc-natural-de-la-zona-volcanica-de-la-garrotxa\/\" target=\"_blank\">Parc Natural de la zona volc\u00e1nica de La Garrotxa<\/a>\u00a0(Girona, Catalu\u00f1a), Espa\u00f1a<\/li><li><a href=\"http:\/\/www.cabildodelapalma.es\/portal\/principal.jsp?codResi=1\" target=\"_blank\">Cabildo Insular de La Palma<\/a>\u00a0(La Palma, Islas Canarias), Espa\u00f1a<\/li><li><a href=\"http:\/\/www.tenerife.es\/wps\/portal\/tenerifees\" target=\"_blank\">Cabildo Insular de Tenerife<\/a>\u00a0(Tenerife, Islas Canarias), Espa\u00f1a<\/li><li><a href=\"http:\/\/www.elhierro.es\/\" target=\"_blank\">Cabildo Insular de El Hierro<\/a> (El Hierro, Islas Canarias), Espa\u00f1a<\/li><li><a href=\"http:\/\/www.grancanaria.com\/\" target=\"_blank\">Cabildo Insular de Gran Canaria<\/a>\u00a0(Gran Canaria, Islas Canarias), Espa\u00f1a<\/li><li><a href=\"http:\/\/www.cabildodelanzarote.com\/\">Cabildo de Lanzarote<\/a> (Lanzarote, Islas Canarias) Espa\u00f1a<\/li><li><a href=\"http:\/\/www.dipucr.es\/\" target=\"_blank\">Diputaci\u00f3n de Ciudad Real<\/a>\u00a0(Ciudad Real, Castilla La Mancha), Espa\u00f1a<\/li><li><a href=\"http:\/\/www.fuencalientedelapalma.es\/\" target=\"_blank\">Ayuntamiento de Fuencaliente<\/a>\u00a0(La Palma, Islas Canarias), Espa\u00f1a<\/li><li><a href=\"http:\/\/www.puertodelacruz.es\/web\/index.php?lang=es\" target=\"_blank\">Ayuntamiento de Puerto de la Cruz<\/a>\u00a0(Tenerife, Islas Canarias), Espa\u00f1a<\/li><li><a href=\"http:\/\/www.aytofrontera.org\/\" target=\"_blank\">Ayuntamiento de La Frontera\u00a0<\/a>(El Hierro, Islas Canarias), Espa\u00f1a<\/li><li><a href=\"http:\/\/www.yaiza.es\/\" target=\"_blank\">Ayuntamiento de Yaiza\u00a0<\/a>(Lanzarote, Islas Canarias), Espa\u00f1a<\/li><li><a href=\"http:\/\/www.ingenio.es\/\" target=\"_blank\">Ayuntamiento de Ingenio<\/a>\u00a0(Gran Canaria, Islas Canarias), Espa\u00f1a<\/li><li><a href=\"https:\/\/es.wikipedia.org\/wiki\/Gran%C3%A1tula_de_Calatrava\">Ayuntamiento de Gran\u00e1tula de Calatrava<\/a> (Ciudad Real, Castilla La Mancha), Espa\u00f1a<\/li><li><a href=\"http:\/\/www.alcoleacva.com\/\">Ayuntamiento de Alcolea de Calatrava<\/a> (Ciudad Real, Castilla La Mancha), Espa\u00f1a<\/li><li><a href=\"http:\/\/valenzueladecalatrava.es\/\">Ayuntamiento de Valenzuela de Calatrava <\/a>(Ciudad Real, Castilla La Mancha), Espa\u00f1a<\/li><li><a href=\"https:\/\/www.olot.cat\/\" target=\"_blank\">Ayuntamiento de Olot<\/a> (Girona, Catalu\u00f1a), Espa\u00f1a<\/li><li><a href=\"http:\/\/www.consorciopuertodelacruz.com\/index.html\" target=\"_blank\">Consorcio Urban\u00edstico para la Rehabilitaci\u00f3n de Puerto de la Cruz<\/a> (Puerto de la Cruz, Islas Canarias), Espa\u00f1a<\/li><li><a href=\"http:\/\/www.sodepal.es\/\" target=\"_blank\">Sociedad de Promoci\u00f3n y Desarrollo Econ\u00f3mico de la Isla de La Palma<\/a>\u00a0(La Palma, Islas Canarias), Espa\u00f1a<\/li><li><a href=\"http:\/\/www.surestegc.org\/index_home.php\" target=\"_blank\">Mancomunidad del Sureste<\/a>\u00a0(Gran Canaria, Islas Canarias), Espa\u00f1a<\/li><\/ol><\/div>","_et_gb_content_width":"","footnotes":""},"class_list":["post-98","page","type-page","status-publish","hentry"],"_links":{"self":[{"href":"https:\/\/volcanoesnight.com\/index.php?rest_route=\/wp\/v2\/pages\/98","targetHints":{"allow":["GET"]}}],"collection":[{"href":"https:\/\/volcanoesnight.com\/index.php?rest_route=\/wp\/v2\/pages"}],"about":[{"href":"https:\/\/volcanoesnight.com\/index.php?rest_route=\/wp\/v2\/types\/page"}],"author":[{"embeddable":true,"href":"https:\/\/volcanoesnight.com\/index.php?rest_route=\/wp\/v2\/users\/1"}],"replies":[{"embeddable":true,"href":"https:\/\/volcanoesnight.com\/index.php?rest_route=%2Fwp%2Fv2%2Fcomments&post=98"}],"version-history":[{"count":5,"href":"https:\/\/volcanoesnight.com\/index.php?rest_route=\/wp\/v2\/pages\/98\/revisions"}],"predecessor-version":[{"id":3732,"href":"https:\/\/volcanoesnight.com\/index.php?rest_route=\/wp\/v2\/pages\/98\/revisions\/3732"}],"wp:attachment":[{"href":"https:\/\/volcanoesnight.com\/index.php?rest_route=%2Fwp%2Fv2%2Fmedia&parent=98"}],"curies":[{"name":"wp","href":"https:\/\/api.w.org\/{rel}","templated":true}]}}