{"id":93,"date":"2016-08-12T16:59:26","date_gmt":"2016-08-12T16:59:26","guid":{"rendered":"http:\/\/volcanoesnight.com\/?page_id=93"},"modified":"2021-09-04T17:35:46","modified_gmt":"2021-09-04T17:35:46","slug":"que-es-lnev","status":"publish","type":"page","link":"https:\/\/volcanoesnight.com\/?page_id=93","title":{"rendered":"Objetivo \u00b7 Objective"},"content":{"rendered":"<p>[et_pb_section fb_built=\u00bb1&#8243; admin_label=\u00bbsection\u00bb _builder_version=\u00bb3.22&#8243; global_colors_info=\u00bb{}\u00bb][et_pb_row column_structure=\u00bb1_2,1_2&#8243; _builder_version=\u00bb3.25&#8243; background_size=\u00bbinitial\u00bb background_position=\u00bbtop_left\u00bb background_repeat=\u00bbrepeat\u00bb global_colors_info=\u00bb{}\u00bb][et_pb_column type=\u00bb1_2&#8243; _builder_version=\u00bb3.25&#8243; custom_padding=\u00bb|||\u00bb global_colors_info=\u00bb{}\u00bb custom_padding__hover=\u00bb|||\u00bb][et_pb_text _builder_version=\u00bb4.10.6&#8243; background_size=\u00bbinitial\u00bb background_position=\u00bbtop_left\u00bb background_repeat=\u00bbrepeat\u00bb hover_enabled=\u00bb0&#8243; use_border_color=\u00bboff\u00bb global_colors_info=\u00bb{}\u00bb sticky_enabled=\u00bb0&#8243;]<\/p>\n<div class=\"entry-content\">\n<p style=\"text-align: justify;\">El objetivo principal de LA NOCHE EUROPEA DE LOS VOLCANES 2021 consiste en acercar el p\u00fablico en general a los investigadores que trabajan sobre el fen\u00f3meno volc\u00e1nico as\u00ed como la gesti\u00f3n del riesgo volc\u00e1nico y de los numerosos beneficios que conlleva vivir entre volcanes (geotermia, volcano-turismo, etc.), permitiendo el intercambio directo, la celebraci\u00f3n de reuniones y el desarrollo de actividades entre ellos. Esta celebraci\u00f3n le proporciona a los asistentes, y en particular a los j\u00f3venes, la oportunidad de conocer a investigadores en un marco distendido y festivo, que contar\u00e1 con infinidad de actividades y en los que se aprovechar\u00e1 para poner de relieve el atractivo de una carrera de investigaci\u00f3n sobre uno de los fen\u00f3menos naturales m\u00e1s atractivos; LOS VOLCANES.<\/p>\n<\/div>\n<p>[\/et_pb_text][\/et_pb_column][et_pb_column type=\u00bb1_2&#8243; _builder_version=\u00bb3.25&#8243; custom_padding=\u00bb|||\u00bb global_colors_info=\u00bb{}\u00bb custom_padding__hover=\u00bb|||\u00bb][et_pb_text _builder_version=\u00bb4.10.6&#8243; _module_preset=\u00bbdefault\u00bb hover_enabled=\u00bb0&#8243; global_colors_info=\u00bb{}\u00bb sticky_enabled=\u00bb0&#8243;]<\/p>\n<p><em>The main objective of THE EUROPEAN VOLCANOES\u2019 NIGHT 2021 is to bring the general public to investigators working on the volcanic phenomenon as well as the volcanic risk management and the many benefits of living among volcanoes (geothermal energy, volcano-tourism, etc.), allowing direct exchanges, meetings and development activities among them. This celebration gives attendees, and in particular young people, the opportunity to meet researchers in a relaxed and festive setting, which will feature many activities and which will be used to highlight the attractiveness of a career research on one of the most attractive natural phenomena; THE VOLCANOES.\u00a0<\/em><\/p>\n<p>[\/et_pb_text][\/et_pb_column][\/et_pb_row][et_pb_row _builder_version=\u00bb4.10.5&#8243; _module_preset=\u00bbdefault\u00bb global_colors_info=\u00bb{}\u00bb][et_pb_column type=\u00bb4_4&#8243; _builder_version=\u00bb4.10.5&#8243; _module_preset=\u00bbdefault\u00bb global_colors_info=\u00bb{}\u00bb][et_pb_image src=\u00bbhttps:\/\/volcanoesnight.com\/wp-content\/uploads\/2017\/08\/Slide-Calendario-Involcan-20162.jpg\u00bb title_text=\u00bbSlide Calendario Involcan 20162&#8243; _builder_version=\u00bb4.10.5&#8243; _module_preset=\u00bbdefault\u00bb global_colors_info=\u00bb{}\u00bb][\/et_pb_image][\/et_pb_column][\/et_pb_row][\/et_pb_section]<\/p>\n","protected":false},"excerpt":{"rendered":"<p>El objetivo principal de LA NOCHE EUROPEA DE LOS VOLCANES 2021 consiste en acercar el p\u00fablico en general a los investigadores que trabajan sobre el fen\u00f3meno volc\u00e1nico as\u00ed como la gesti\u00f3n del riesgo volc\u00e1nico y de los numerosos beneficios que conlleva vivir entre volcanes (geotermia, volcano-turismo, etc.), permitiendo el intercambio directo, la celebraci\u00f3n de reuniones [&hellip;]<\/p>\n","protected":false},"author":1,"featured_media":0,"parent":39,"menu_order":0,"comment_status":"closed","ping_status":"closed","template":"","meta":{"_et_pb_use_builder":"on","_et_pb_old_content":"<div class=\"entry-content\"><p style=\"text-align: justify;\">LA NOCHE EUROPEA DE LOS VOLCANES es una explosi\u00f3n volc\u00e1nica llena de alegr\u00eda, cultura, arte, m\u00fasica, gastronom\u00eda, actividades escolares, geoturismo, exposiciones, debates cient\u00edficos, etc., en el marco de un ambiente distendido y festivo que nos permitir\u00e1 disfrutar a locales y turistas de la belleza y el poder de la naturaleza que representan los volcanes. Es un evento que pretende acercar el p\u00fablico en general a los cient\u00edf\u00edcos que trabajan sobre el fen\u00f3meno volc\u00e1nico, permitiendo el intercambio directo y la oportunidad de conocer a los investigadores que aprovechar\u00e1n para poner de relieve el atractivo de los volcanes as\u00ed como una carrera de investigaci\u00f3n sobre uno de los fen\u00f3menos naturales m\u00e1s atractivos. Participar\u00e1n investigadores espa\u00f1oles y cient\u00edf\u00edcos de Alemania, Argentina, Cabo Verde, Camer\u00fan, Chile, Colombia, Costa Rica, Ecuador, EE.UU. de Am\u00e9rica, Filipinas, Francia, Indonesia, Islandia, Italia, Jap\u00f3n, M\u00e9xico, Nueva Zelanda, Portugal, Reino Unido, Suiza, Taiw\u00e1n y Trinidad y Tobago que trabajan sobre el fen\u00f3meno volc\u00e1nico.<\/p>[caption id=\"attachment_341\" align=\"aligncenter\" width=\"960\"]<a href=\"http:\/\/lanochedelosvolcanes.iter.es\/wp-content\/uploads\/2014\/06\/El-Teide-002LR.jpg\"><img class=\"wp-image-341 size-full\" src=\"http:\/\/lanochedelosvolcanes.iter.es\/wp-content\/uploads\/2014\/06\/El-Teide-002LR.jpg\" alt=\"El-Teide-002LR\" width=\"960\" height=\"467\" \/><\/a> Fotograf\u00eda del sistema volc\u00e1nico Teide-Pico Viejo (www.fotosaereasdecanarias.com)[\/caption]<\/div>","_et_gb_content_width":"","footnotes":""},"class_list":["post-93","page","type-page","status-publish","hentry"],"_links":{"self":[{"href":"https:\/\/volcanoesnight.com\/index.php?rest_route=\/wp\/v2\/pages\/93","targetHints":{"allow":["GET"]}}],"collection":[{"href":"https:\/\/volcanoesnight.com\/index.php?rest_route=\/wp\/v2\/pages"}],"about":[{"href":"https:\/\/volcanoesnight.com\/index.php?rest_route=\/wp\/v2\/types\/page"}],"author":[{"embeddable":true,"href":"https:\/\/volcanoesnight.com\/index.php?rest_route=\/wp\/v2\/users\/1"}],"replies":[{"embeddable":true,"href":"https:\/\/volcanoesnight.com\/index.php?rest_route=%2Fwp%2Fv2%2Fcomments&post=93"}],"version-history":[{"count":5,"href":"https:\/\/volcanoesnight.com\/index.php?rest_route=\/wp\/v2\/pages\/93\/revisions"}],"predecessor-version":[{"id":3479,"href":"https:\/\/volcanoesnight.com\/index.php?rest_route=\/wp\/v2\/pages\/93\/revisions\/3479"}],"up":[{"embeddable":true,"href":"https:\/\/volcanoesnight.com\/index.php?rest_route=\/wp\/v2\/pages\/39"}],"wp:attachment":[{"href":"https:\/\/volcanoesnight.com\/index.php?rest_route=%2Fwp%2Fv2%2Fmedia&parent=93"}],"curies":[{"name":"wp","href":"https:\/\/api.w.org\/{rel}","templated":true}]}}