{"id":83,"date":"2016-08-12T16:57:04","date_gmt":"2016-08-12T16:57:04","guid":{"rendered":"http:\/\/volcanoesnight.com\/?page_id=83"},"modified":"2021-09-01T22:15:46","modified_gmt":"2021-09-01T22:15:46","slug":"carteles-de-las-sedes","status":"publish","type":"page","link":"https:\/\/volcanoesnight.com\/?page_id=83","title":{"rendered":"Posters"},"content":{"rendered":"<p>[et_pb_section fb_built=\u00bb1&#8243; admin_label=\u00bbsection\u00bb _builder_version=\u00bb3.22&#8243; global_colors_info=\u00bb{}\u00bb][et_pb_row admin_label=\u00bbrow\u00bb _builder_version=\u00bb3.25&#8243; background_size=\u00bbinitial\u00bb background_position=\u00bbtop_left\u00bb background_repeat=\u00bbrepeat\u00bb global_colors_info=\u00bb{}\u00bb][et_pb_column type=\u00bb4_4&#8243; _builder_version=\u00bb3.25&#8243; custom_padding=\u00bb|||\u00bb global_colors_info=\u00bb{}\u00bb custom_padding__hover=\u00bb|||\u00bb][et_pb_post_title meta=\u00bboff\u00bb featured_image=\u00bboff\u00bb _builder_version=\u00bb3.15&#8243; hover_enabled=\u00bb0&#8243; global_colors_info=\u00bb{}\u00bb sticky_enabled=\u00bb0&#8243;][\/et_pb_post_title][et_pb_gallery gallery_ids=\u00bb3037,3038&#8243; orientation=\u00bbportrait\u00bb show_title_and_caption=\u00bboff\u00bb show_pagination=\u00bboff\u00bb zoom_icon_color=\u00bb#2ea3f2&#8243; _builder_version=\u00bb4.10.5&#8243; hover_enabled=\u00bb0&#8243; global_colors_info=\u00bb{}\u00bb sticky_enabled=\u00bb0&#8243;][\/et_pb_gallery][\/et_pb_column][\/et_pb_row][\/et_pb_section]<\/p>\n","protected":false},"excerpt":{"rendered":"","protected":false},"author":1,"featured_media":0,"parent":150,"menu_order":0,"comment_status":"closed","ping_status":"closed","template":"","meta":{"_et_pb_use_builder":"on","_et_pb_old_content":"<p>A continuaci\u00f3n puedes encontrar todos los carteles de LA NOCHE EUROPEA DE LOS VOLCANES 2016 generales en diferentes idiomas as\u00ed como los espec\u00edficos para cada una de las sedes para su descarga<\/p><ul><li>Descarga aqu\u00ed el cartel de <strong>LA NOCHE EUROPEA DE LOS VOLCANES 2016<\/strong> en Castellano \u00a0 <a href=\"https:\/\/volcanoesnight.com\/wp-content\/uploads\/2016\/08\/CARTEL-ES.jpg\" target=\"_blank\">JPEG<\/a>\u00a0 - \u00a0\u00a0<a href=\"https:\/\/volcanoesnight.com\/wp-content\/uploads\/2016\/08\/CARTEL-ES.pdf\" target=\"_blank\">PDF<\/a><\/li><li>Descarga aqu\u00ed el cartel de <strong>LA NOCHE EUROPEA DE LOS VOLCANES 2016<\/strong> en Catal\u00e1n\u00a0\u00a0\u00a0<a href=\"https:\/\/volcanoesnight.com\/wp-content\/uploads\/2016\/08\/CARTEL-CAT.jpg\" target=\"_blank\">JPEG<\/a>\u00a0 - \u00a0\u00a0<a href=\"https:\/\/volcanoesnight.com\/wp-content\/uploads\/2016\/08\/CARTEL-CAT.pdf\" target=\"_blank\">PDF<\/a><\/li><li>Descarga aqu\u00ed el cartel de <strong>LA NOCHE EUROPEA DE LOS VOLCANES 2016<\/strong> en Italiano\u00a0\u00a0\u00a0<a href=\"https:\/\/volcanoesnight.com\/wp-content\/uploads\/2016\/08\/CARTEL-IT.jpg\" target=\"_blank\">JPEG<\/a>\u00a0 - \u00a0\u00a0<a href=\"https:\/\/volcanoesnight.com\/wp-content\/uploads\/2016\/08\/CARTEL-IT.pdf\" target=\"_blank\">PDF<\/a><\/li><li>Descarga aqu\u00ed el cartel de <strong>LA NOCHE EUROPEA DE LOS VOLCANES 2016<\/strong> en Portugu\u00e9s\u00a0\u00a0\u00a0<a href=\"https:\/\/volcanoesnight.com\/wp-content\/uploads\/2016\/08\/CARTEL-PO.jpg\" target=\"_blank\">JPEG<\/a>\u00a0 - \u00a0\u00a0<a href=\"https:\/\/volcanoesnight.com\/wp-content\/uploads\/2016\/08\/CARTEL-PO.pdf\" target=\"_blank\">PDF<\/a><\/li><li>Descarga aqu\u00ed el cartel de <strong>LA NOCHE EUROPEA DE LOS VOLCANES 2016<\/strong> en Ingl\u00e9s\u00a0\u00a0\u00a0<a href=\"https:\/\/volcanoesnight.com\/wp-content\/uploads\/2016\/08\/CARTEL-UK.jpg\" target=\"_blank\">JPEG<\/a>\u00a0 - \u00a0\u00a0<a href=\"https:\/\/volcanoesnight.com\/wp-content\/uploads\/2016\/08\/CARTEL-UK.pdf\" target=\"_blank\">PDF<\/a><\/li><li>Descarga aqu\u00ed el cartel de la sede de<strong> Fuencaliente<\/strong>, La Palma, Islas Canarias, Espa\u00f1a\u00a0\u00a0\u00a0<a href=\"https:\/\/volcanoesnight.com\/wp-content\/uploads\/2016\/08\/CARTEL-FUENCALIENTE.jpg\" target=\"_blank\">JPEG<\/a>\u00a0 - \u00a0\u00a0<a href=\"https:\/\/volcanoesnight.com\/wp-content\/uploads\/2016\/08\/CARTEL-FUENCALIENTE.pdf\" target=\"_blank\">PDF<\/a><\/li><li>Descarga aqu\u00ed el cartel de la sede de<strong> Puerto de la Cruz<\/strong>, Tenerife,\u00a0Islas Canarias, Espa\u00f1a\u00a0\u00a0\u00a0<a href=\"https:\/\/volcanoesnight.com\/wp-content\/uploads\/2016\/08\/CARTEL-PUERTO-DE-LA-CRUZ.jpg\" target=\"_blank\">JPEG<\/a>\u00a0 - \u00a0\u00a0<a href=\"https:\/\/volcanoesnight.com\/wp-content\/uploads\/2016\/08\/CARTEL-PUERTO-DE-LA-CRUZ.pdf\" target=\"_blank\">PDF<\/a><\/li><li>Descarga aqu\u00ed el cartel de la sede de <strong>La Frontera<\/strong>, El HIerro,\u00a0Islas Canarias, Espa\u00f1a<\/li><li>Descarga aqu\u00ed el cartel de la sede de <strong>Ingenio<\/strong>, Gran Canaria,\u00a0Islas Canarias, Espa\u00f1a\u00a0\u00a0\u00a0<a href=\"https:\/\/volcanoesnight.com\/wp-content\/uploads\/2016\/08\/CARTEL-INGENIO.jpg\" target=\"_blank\">JPEG<\/a>\u00a0 - \u00a0\u00a0<a href=\"https:\/\/volcanoesnight.com\/wp-content\/uploads\/2016\/08\/CARTEL-INGENIO.pdf\" target=\"_blank\">PDF<\/a><\/li><li>Descarga aqu\u00ed el cartel de la sede de<strong> Yaiza<\/strong>, Lanzarote,\u00a0Islas Canarias, Espa\u00f1a\u00a0\u00a0\u00a0<a href=\"https:\/\/volcanoesnight.com\/wp-content\/uploads\/2016\/08\/CARTEL-YAIZA.jpg\" target=\"_blank\">JPEG<\/a>\u00a0 - \u00a0\u00a0<a href=\"https:\/\/volcanoesnight.com\/wp-content\/uploads\/2016\/08\/CARTEL-YAIZA.pdf\" target=\"_blank\">PDF<\/a><\/li><li>Descarga aqu\u00ed el cartel de la sede de <strong>Valenzuela de Calatrava<\/strong>, Ciudad Real, Castilla La Mancha, Espa\u00f1a\u00a0\u00a0\u00a0<a href=\"https:\/\/volcanoesnight.com\/wp-content\/uploads\/2016\/08\/CARTEL-VALENZUELA.jpg\" target=\"_blank\">JPEG<\/a>\u00a0 - \u00a0\u00a0<a href=\"https:\/\/volcanoesnight.com\/wp-content\/uploads\/2016\/08\/CARTEL-VALENZUELA.pdf\" target=\"_blank\">PDF<\/a><\/li><li>Descarga aqu\u00ed el cartel de la sede de <strong>Gran\u00e1tula de Calatrava<\/strong>, Ciudad Real, Castilla La Mancha, Espa\u00f1a\u00a0\u00a0\u00a0<a href=\"https:\/\/volcanoesnight.com\/wp-content\/uploads\/2016\/08\/CARTEL-ES.jpg\" target=\"_blank\">JPEG<\/a>\u00a0 - \u00a0\u00a0<a href=\"https:\/\/volcanoesnight.com\/wp-content\/uploads\/2016\/08\/CARTEL-ES.pdf\" target=\"_blank\">PDF<\/a><\/li><li>Descarga aqu\u00ed el cartel de la sede de <strong>Alcolea de Calatrava<\/strong>, Ciudad Real, Castilla La Mancha, Espa\u00f1a\u00a0\u00a0\u00a0<a href=\"https:\/\/volcanoesnight.com\/wp-content\/uploads\/2016\/08\/CARTEL-ALCOLEA.jpg\" target=\"_blank\">JPEG<\/a>\u00a0 - \u00a0\u00a0<a href=\"https:\/\/volcanoesnight.com\/wp-content\/uploads\/2016\/08\/CARTEL-ALCOLEA.pdf\" target=\"_blank\">PDF<\/a><\/li><li>Descarga aqu\u00ed el cartel de la sede de <strong>Olot<\/strong>, Girona, Catalu\u00f1a, Espa\u00f1a\u00a0\u00a0\u00a0<a href=\"https:\/\/volcanoesnight.com\/wp-content\/uploads\/2016\/08\/CARTEL-OLOT.jpg\" target=\"_blank\">JPEG<\/a>\u00a0 - \u00a0\u00a0<a href=\"https:\/\/volcanoesnight.com\/wp-content\/uploads\/2016\/08\/CARTEL-OLOT.pdf\" target=\"_blank\">PDF<\/a><\/li><li>Descarga aqu\u00ed el cartel de la sede de <b>Napoli<\/b>, Italia<\/li><li>Descarga aqu\u00ed el cartel de la sede de <b>Catania<\/b>, Sicilia, Italia<\/li><li>Descarga aqu\u00ed el cartel de la sede de <b>Ponta Delgada<\/b>,S\u00e3o Miguel, A\u00e7ores, Portugal<\/li><li>Descarga aqu\u00ed el cartel de la sede de <strong>Portsmouth<\/strong>, Reino Unido<\/li><\/ul>","_et_gb_content_width":"","footnotes":""},"class_list":["post-83","page","type-page","status-publish","hentry"],"_links":{"self":[{"href":"https:\/\/volcanoesnight.com\/index.php?rest_route=\/wp\/v2\/pages\/83","targetHints":{"allow":["GET"]}}],"collection":[{"href":"https:\/\/volcanoesnight.com\/index.php?rest_route=\/wp\/v2\/pages"}],"about":[{"href":"https:\/\/volcanoesnight.com\/index.php?rest_route=\/wp\/v2\/types\/page"}],"author":[{"embeddable":true,"href":"https:\/\/volcanoesnight.com\/index.php?rest_route=\/wp\/v2\/users\/1"}],"replies":[{"embeddable":true,"href":"https:\/\/volcanoesnight.com\/index.php?rest_route=%2Fwp%2Fv2%2Fcomments&post=83"}],"version-history":[{"count":5,"href":"https:\/\/volcanoesnight.com\/index.php?rest_route=\/wp\/v2\/pages\/83\/revisions"}],"predecessor-version":[{"id":3158,"href":"https:\/\/volcanoesnight.com\/index.php?rest_route=\/wp\/v2\/pages\/83\/revisions\/3158"}],"up":[{"embeddable":true,"href":"https:\/\/volcanoesnight.com\/index.php?rest_route=\/wp\/v2\/pages\/150"}],"wp:attachment":[{"href":"https:\/\/volcanoesnight.com\/index.php?rest_route=%2Fwp%2Fv2%2Fmedia&parent=83"}],"curies":[{"name":"wp","href":"https:\/\/api.w.org\/{rel}","templated":true}]}}