{"id":74,"date":"2016-08-12T16:54:46","date_gmt":"2016-08-12T16:54:46","guid":{"rendered":"http:\/\/volcanoesnight.com\/?page_id=74"},"modified":"2021-09-04T18:50:13","modified_gmt":"2021-09-04T18:50:13","slug":"encuestas","status":"publish","type":"page","link":"https:\/\/volcanoesnight.com\/?page_id=74","title":{"rendered":"Encuesta \u00b7 Survey"},"content":{"rendered":"<p>[et_pb_section fb_built=\u00bb1&#8243; admin_label=\u00bbsection\u00bb _builder_version=\u00bb3.22&#8243; global_colors_info=\u00bb{}\u00bb][et_pb_row _builder_version=\u00bb3.25&#8243; background_size=\u00bbinitial\u00bb background_position=\u00bbtop_left\u00bb background_repeat=\u00bbrepeat\u00bb global_colors_info=\u00bb{}\u00bb][et_pb_column type=\u00bb4_4&#8243; _builder_version=\u00bb3.25&#8243; custom_padding=\u00bb|||\u00bb global_colors_info=\u00bb{}\u00bb custom_padding__hover=\u00bb|||\u00bb][et_pb_text _builder_version=\u00bb4.10.6&#8243; background_size=\u00bbinitial\u00bb background_position=\u00bbtop_left\u00bb background_repeat=\u00bbrepeat\u00bb hover_enabled=\u00bb0&#8243; use_border_color=\u00bboff\u00bb global_colors_info=\u00bb{}\u00bb sticky_enabled=\u00bb0&#8243;]<\/p>\n<h2 style=\"text-align: center;\">Encuesta post-evento \u00b7 Post-event survey<\/h2>\n<p style=\"text-align: center;\">Si asististeis y participasteis en La Noche Europea de los Volcanes 2021, nos encantar\u00eda saber que os pareci\u00f3 este evento a trav\u00e9s de los cuestionario que te proponemos para las diferentes sedes \/ <em>If you attended and participated in the 2021 European Volcanoes&#8217; Night, we would love to know what you thought of this event through the questionnaires that we propose for the different venues.<\/em><\/p>\n<p>[\/et_pb_text][et_pb_button button_url=\u00bbhttps:\/\/docs.google.com\/forms\/d\/e\/1FAIpQLSfBGElGChood1vl44yVFX2Iz1BfQ_YdSNSF8oW6qisd8hxt8w\/viewform\u00bb button_text=\u00bbEventos de Canarias  \u00b7 Events in the Canary Islands\u00bb button_alignment=\u00bbcenter\u00bb _builder_version=\u00bb4.10.5&#8243; _module_preset=\u00bbdefault\u00bb global_colors_info=\u00bb{}\u00bb][\/et_pb_button][\/et_pb_column][\/et_pb_row][\/et_pb_section]<\/p>\n","protected":false},"excerpt":{"rendered":"<p>Encuesta post-evento \u00b7 Post-event survey Si asististeis y participasteis en La Noche Europea de los Volcanes 2021, nos encantar\u00eda saber que os pareci\u00f3 este evento a trav\u00e9s de los cuestionario que te proponemos para las diferentes sedes \/ If you attended and participated in the 2021 European Volcanoes&#8217; Night, we would love to know what [&hellip;]<\/p>\n","protected":false},"author":1,"featured_media":0,"parent":0,"menu_order":60,"comment_status":"closed","ping_status":"closed","template":"","meta":{"_et_pb_use_builder":"on","_et_pb_old_content":"<div class=\"entry-content\"><p><strong>Encuesta PRE-evento <\/strong>de LA NOCHE EUROPEA DE LOS VOLCANES 2016<\/p><p>En esta nueva edici\u00f3n de LA NOCHE EUROPEA DE LOS VOLCANES deseamos una vez m\u00e1s involucrar de forma significativa a la comunidad escolar, tanto a los\u00a0alumn@s\u00a0de Secundaria (3\u00ba y 4\u00ba de la ESO) y Bachillerato como a sus profesoras\/es, y para ello empezamos con la propuesta de responder a un cuestionario previo a este evento por parte del colectivo de\u00a0alumn@s\u00a0y profesor@s.<\/p><p>ENCUESTA PRE-EVENTO\u00a0PARA\u00a0<strong>*PROFESOR@S*<\/strong>\u00a0DE SECUNDARIA Y BACHILLERATO (Disponible a partir del 1 de Septiembre)<\/p><p>ENCUESTA PRE-EVENTO PARA *<strong>ALUMN@S<\/strong>* DE SECUNDARIA (3\u00ba y 4\u00ba de la ESO) Y BACHILLERATO (Disponible a partir del 1 de Septiembre)<\/p><p><strong>Encuesta POST-evento <\/strong>de LA NOCHE EUROPEA DE LOS VOLCANES 2016<\/p><p>Si asististeis y participasteis en La Noche Europea de los Volcanes 2016 nos encantar\u00eda saber que os pareci\u00f3 este evento cient\u00edfico-educativo-cultural-tur\u00edstico-l\u00fadico-festivo a trav\u00e9s del cuestionario que te proponemos:<\/p><p>ENCUESTA POST-EVENTO CUESTIONARIO DEL EVENTO NOCHE DE LOS VOLCANES (Disponible a partir del 1 de Octubre)<\/p><\/div>","_et_gb_content_width":"","footnotes":""},"class_list":["post-74","page","type-page","status-publish","hentry"],"_links":{"self":[{"href":"https:\/\/volcanoesnight.com\/index.php?rest_route=\/wp\/v2\/pages\/74","targetHints":{"allow":["GET"]}}],"collection":[{"href":"https:\/\/volcanoesnight.com\/index.php?rest_route=\/wp\/v2\/pages"}],"about":[{"href":"https:\/\/volcanoesnight.com\/index.php?rest_route=\/wp\/v2\/types\/page"}],"author":[{"embeddable":true,"href":"https:\/\/volcanoesnight.com\/index.php?rest_route=\/wp\/v2\/users\/1"}],"replies":[{"embeddable":true,"href":"https:\/\/volcanoesnight.com\/index.php?rest_route=%2Fwp%2Fv2%2Fcomments&post=74"}],"version-history":[{"count":5,"href":"https:\/\/volcanoesnight.com\/index.php?rest_route=\/wp\/v2\/pages\/74\/revisions"}],"predecessor-version":[{"id":3499,"href":"https:\/\/volcanoesnight.com\/index.php?rest_route=\/wp\/v2\/pages\/74\/revisions\/3499"}],"wp:attachment":[{"href":"https:\/\/volcanoesnight.com\/index.php?rest_route=%2Fwp%2Fv2%2Fmedia&parent=74"}],"curies":[{"name":"wp","href":"https:\/\/api.w.org\/{rel}","templated":true}]}}