{"id":64,"date":"2016-08-12T16:53:01","date_gmt":"2016-08-12T16:53:01","guid":{"rendered":"http:\/\/volcanoesnight.com\/?page_id=64"},"modified":"2021-09-10T17:57:52","modified_gmt":"2021-09-10T17:57:52","slug":"colaboradores","status":"publish","type":"page","link":"https:\/\/volcanoesnight.com\/?page_id=64","title":{"rendered":"Colaboradores \u00b7 Colaborators"},"content":{"rendered":"<p>[et_pb_section fb_built=\u00bb1&#8243; admin_label=\u00bbsection\u00bb _builder_version=\u00bb3.22&#8243; global_colors_info=\u00bb{}\u00bb][et_pb_row _builder_version=\u00bb4.10.5&#8243; _module_preset=\u00bbdefault\u00bb global_colors_info=\u00bb{}\u00bb][et_pb_column type=\u00bb4_4&#8243; _builder_version=\u00bb4.10.5&#8243; _module_preset=\u00bbdefault\u00bb global_colors_info=\u00bb{}\u00bb][et_pb_text _builder_version=\u00bb4.10.6&#8243; _module_preset=\u00bbdefault\u00bb global_colors_info=\u00bb{}\u00bb]<\/p>\n<h3 class=\"entry-title\">Universidades e Instituciones Cient\u00edficas \u00b7 Universities and Scientific Institutions<\/h3>\n<ol>\n<li><a href=\"https:\/\/ciencia.fg.ull.es\/\">Ciencia@ULL<\/a>\u00a0(ULL), Espa\u00f1a<\/li>\n<li><a href=\"http:\/\/www.igme.es\/internet\/default.asp\" target=\"_blank\" rel=\"noopener\">Instituto Nazional de Geofisica e Vulcanologia\u00a0<\/a>(INGV), Italia<\/li>\n<li><a href=\"https:\/\/www.ucm.es\/\">Universidad Complutense de Madrid (UCM)<\/a>, Espa\u00f1a<\/li>\n<li><a href=\"https:\/\/www.ull.es\/\">Universidad de La Laguna<\/a> (ULL), Espa\u00f1a<\/li>\n<\/ol>\n<h3 class=\"entry-title\">Administraciones P\u00fablicas \u00b7 Public Administrations<\/h3>\n<ol>\n<li>Cabildo Insular de Tenerife (Tenerife, Islas Canarias) ESPA\u00d1A<\/li>\n<li><a href=\"https:\/\/portal.azores.gov.pt\/web\/drctd\">Dire\u00e7\u00e3o Regional da Ci\u00eancia e Transi\u00e7\u00e3o Digital, Governo Regional dos A\u00e7ores<\/a> (A\u00e7ores) PORTUGAL<\/li>\n<li><a href=\"http:\/\/agencia.itccanarias.org\/es\/agencia\/\" target=\"_blank\" rel=\"noopener\">Agencia Canaria de Investigaci\u00f3n, Innovaci\u00f3n y Sociedad de la Informaci\u00f3n, Gobierno de Canarias<\/a>, (Espa\u00f1a)<\/li>\n<li><a href=\"http:\/\/cultura.gencat.cat\/es\/\" target=\"_blank\" rel=\"noopener\">Departament de Cultura Generalitat de Catalunya<\/a>, (Catalu\u00f1a, Espa\u00f1a)<\/li>\n<li><a href=\"http:\/\/www.gobcan.es\/dgse\/\" target=\"_blank\" rel=\"noopener\">Direcci\u00f3n General de Seguridad y Emergencias, Gobierno de Canarias<\/a>, (Espa\u00f1a)<\/li>\n<li><a href=\"http:\/\/www2.gobiernodecanarias.org\/hacienda\/viceconomia\/europe_direct\/index.jsp\" target=\"_blank\" rel=\"noopener\">Europe Direct<\/a> (Las Palmas de Gran Canaria, Islas Canarias, Espa\u00f1a)<\/li>\n<li><a href=\"http:\/\/www.pctt.es\" target=\"_blank\" rel=\"noopener\">Parque Cient\u00edfico y Tecnol\u00f3gico de Tenerife (PCTT)<\/a>, (Tenerife, Islas Canarias, Espa\u00f1a)<\/li>\n<\/ol>\n<h3 class=\"entry-title\">Asociaciones, Sociedades y Fundaciones \u00b7 Associations, Societies y Foundations<\/h3>\n<ol>\n<li><a href=\"http:\/\/www.acanvol.org\/\">Asociaci\u00f3n Canaria de Volcanolog\u00eda (ACANVOL)<\/a><\/li>\n<li><a href=\"http:\/\/www.reyesbartlet.com\/\">Asociaci\u00f3n Cultural Reyes Bartlet<\/a>\u00a0(Puerto de la Cruz, Tenerife, Canary Islands,\u00a0Spain)<\/li>\n<li><a href=\"http:\/\/www.campodecalatrava.com\/\">Asociaci\u00f3n para el Desarrollo del Campo de Calatrava<\/a>\u00a0(Ciudad Real, Castilla-La Mancha,\u00a0Spain)<\/li>\n<li><a href=\"https:\/\/www.facebook.com\/centenarionacimientoTelesforoBravo19132013\">Fundaci\u00f3n Telesforo Bravo-Juan Coello<\/a>\u00a0(Tenerife, Canary Islands,\u00a0Spain)<\/li>\n<\/ol>\n<h3 class=\"entry-title\">Empresas y otros \u00b7 Business and Others<\/h3>\n<ol>\n<li><a href=\"http:\/\/www.cuevadelviento.net\/\">Cueva del Viento<\/a> (Tenerife, Islas Canarias, Espa\u00f1a)<\/li>\n<li><a href=\"http:\/\/www.fotosaereasdecanarias.com\/\">Fotos \u00c1reas de Canarias\u00a0<\/a>(Tenerife, Islas Canarias, Espa\u00f1a)<\/li>\n<li><a href=\"http:\/\/fotoartevirogo.wordpress.com\/\" target=\"_blank\" rel=\"noopener\">Foto Arte Virogo<\/a> (Tenerife, Islas Canarias, Espa\u00f1a)<\/li>\n<li><a href=\"http:\/\/www.teideastro.com\/\" target=\"_blank\" rel=\"noopener\">TeideAstro<\/a> (Puerto de la Cruz, Tenerife, Islas Canarias, Espa\u00f1a)<\/li>\n<li><a href=\"http:\/\/www.telefericoteide.com\/\" target=\"_blank\" rel=\"noopener\">Telef\u00e9rico del Teide<\/a> (Tenerife, Islas Canarias, Espa\u00f1a)<\/li>\n<li><a href=\"http:\/\/www.rtve.es\/television\/tve-canarias\/\" target=\"_blank\" rel=\"noopener\">Televisi\u00f3n Espa\u00f1ola\u00a0en Canarias<\/a>\u00a0(Islas Canarias, Espa\u00f1a)<\/li>\n<li>Unidad de Helic\u00f3pteros de la Guardia Civil \u2013 Zona de Canarias<\/li>\n<li>Unidad Militar de Emergencias, UME &#8211; Zona de Canarias<\/li>\n<\/ol>\n<p>[\/et_pb_text][\/et_pb_column][\/et_pb_row][\/et_pb_section]<\/p>\n","protected":false},"excerpt":{"rendered":"<p>Universidades e Instituciones Cient\u00edficas \u00b7 Universities and Scientific Institutions Ciencia@ULL\u00a0(ULL), Espa\u00f1a Instituto Nazional de Geofisica e Vulcanologia\u00a0(INGV), Italia Universidad Complutense de Madrid (UCM), Espa\u00f1a Universidad de La Laguna (ULL), Espa\u00f1a Administraciones P\u00fablicas \u00b7 Public Administrations Cabildo Insular de Tenerife (Tenerife, Islas Canarias) ESPA\u00d1A Dire\u00e7\u00e3o Regional da Ci\u00eancia e Transi\u00e7\u00e3o Digital, Governo Regional dos A\u00e7ores (A\u00e7ores) [&hellip;]<\/p>\n","protected":false},"author":1,"featured_media":0,"parent":0,"menu_order":40,"comment_status":"closed","ping_status":"closed","template":"","meta":{"_et_pb_use_builder":"on","_et_pb_old_content":"","_et_gb_content_width":"","footnotes":""},"class_list":["post-64","page","type-page","status-publish","hentry"],"_links":{"self":[{"href":"https:\/\/volcanoesnight.com\/index.php?rest_route=\/wp\/v2\/pages\/64","targetHints":{"allow":["GET"]}}],"collection":[{"href":"https:\/\/volcanoesnight.com\/index.php?rest_route=\/wp\/v2\/pages"}],"about":[{"href":"https:\/\/volcanoesnight.com\/index.php?rest_route=\/wp\/v2\/types\/page"}],"author":[{"embeddable":true,"href":"https:\/\/volcanoesnight.com\/index.php?rest_route=\/wp\/v2\/users\/1"}],"replies":[{"embeddable":true,"href":"https:\/\/volcanoesnight.com\/index.php?rest_route=%2Fwp%2Fv2%2Fcomments&post=64"}],"version-history":[{"count":5,"href":"https:\/\/volcanoesnight.com\/index.php?rest_route=\/wp\/v2\/pages\/64\/revisions"}],"predecessor-version":[{"id":3728,"href":"https:\/\/volcanoesnight.com\/index.php?rest_route=\/wp\/v2\/pages\/64\/revisions\/3728"}],"wp:attachment":[{"href":"https:\/\/volcanoesnight.com\/index.php?rest_route=%2Fwp%2Fv2%2Fmedia&parent=64"}],"curies":[{"name":"wp","href":"https:\/\/api.w.org\/{rel}","templated":true}]}}