{"id":54,"date":"2016-08-12T16:47:49","date_gmt":"2016-08-12T16:47:49","guid":{"rendered":"http:\/\/volcanoesnight.com\/?page_id=54"},"modified":"2021-09-07T10:27:23","modified_gmt":"2021-09-07T10:27:23","slug":"programa","status":"publish","type":"page","link":"https:\/\/volcanoesnight.com\/?page_id=54","title":{"rendered":"Programas \u00b7 Programs"},"content":{"rendered":"<p>[et_pb_section fb_built=\u00bb1&#8243; admin_label=\u00bbsection\u00bb _builder_version=\u00bb3.22&#8243; global_colors_info=\u00bb{}\u00bb][et_pb_row column_structure=\u00bb1_2,1_2&#8243; _builder_version=\u00bb3.25&#8243; background_size=\u00bbinitial\u00bb background_position=\u00bbtop_left\u00bb background_repeat=\u00bbrepeat\u00bb global_colors_info=\u00bb{}\u00bb][et_pb_column type=\u00bb1_2&#8243; _builder_version=\u00bb3.25&#8243; custom_padding=\u00bb|||\u00bb global_colors_info=\u00bb{}\u00bb custom_padding__hover=\u00bb|||\u00bb][et_pb_text _builder_version=\u00bb4.10.6&#8243; use_border_color=\u00bboff\u00bb border_color=\u00bb#ffffff\u00bb border_style=\u00bbsolid\u00bb global_colors_info=\u00bb{}\u00bb]<\/p>\n<p>ATENCI\u00d3N: Pr\u00f3ximamente se publicar\u00e1n los programas a desarrollar en las diferentes ciudades donde se tiene previsto celebrar LA NOCHE EUROPEA DE LOS VOLCANES 2021:<\/p>\n<p>[\/et_pb_text][\/et_pb_column][et_pb_column type=\u00bb1_2&#8243; _builder_version=\u00bb3.25&#8243; custom_padding=\u00bb|||\u00bb global_colors_info=\u00bb{}\u00bb custom_padding__hover=\u00bb|||\u00bb][et_pb_text _builder_version=\u00bb4.10.6&#8243; use_border_color=\u00bboff\u00bb border_color=\u00bb#ffffff\u00bb border_style=\u00bbsolid\u00bb global_colors_info=\u00bb{}\u00bb]<\/p>\n<p>ATTENTION: The programs to be developed in the different cities where the 2021 EUROPEAN NIGHT OF VOLCANOES are scheduled to be held will be published soon:<\/p>\n<p>[\/et_pb_text][\/et_pb_column][\/et_pb_row][et_pb_row _builder_version=\u00bb4.10.6&#8243; _module_preset=\u00bbdefault\u00bb global_colors_info=\u00bb{}\u00bb][et_pb_column type=\u00bb4_4&#8243; _builder_version=\u00bb4.10.6&#8243; _module_preset=\u00bbdefault\u00bb global_colors_info=\u00bb{}\u00bb][et_pb_blog fullwidth=\u00bboff\u00bb posts_number=\u00bb64&#8243; include_categories=\u00bb34&#8243; show_thumbnail=\u00bboff\u00bb use_manual_excerpt=\u00bboff\u00bb show_author=\u00bboff\u00bb show_date=\u00bboff\u00bb show_categories=\u00bboff\u00bb show_excerpt=\u00bboff\u00bb show_pagination=\u00bboff\u00bb masonry_tile_background_color=\u00bb#FFFFFF\u00bb _builder_version=\u00bb4.10.6&#8243; _module_preset=\u00bbdefault\u00bb header_level=\u00bbh5&#8243; header_text_align=\u00bbcenter\u00bb header_text_color=\u00bb#0C71C3&#8243; header_font_size=\u00bb15px\u00bb header_line_height=\u00bb1.1em\u00bb body_text_align=\u00bbcenter\u00bb body_text_color=\u00bbRGBA(0,0,0,0)\u00bb text_orientation=\u00bbcenter\u00bb custom_margin=\u00bb||||false|false\u00bb custom_padding=\u00bb||||false|false\u00bb hover_enabled=\u00bb0&#8243; border_width_all=\u00bb1px\u00bb global_colors_info=\u00bb{}\u00bb transform_styles__hover_enabled=\u00bbon|desktop\u00bb transform_scale__hover_enabled=\u00bbon|desktop\u00bb transform_translate__hover_enabled=\u00bbon|desktop\u00bb transform_rotate__hover_enabled=\u00bbon|desktop\u00bb transform_skew__hover_enabled=\u00bbon|desktop\u00bb transform_origin__hover_enabled=\u00bbon|desktop\u00bb body_font_size__hover_enabled=\u00bbon|hover\u00bb body_font_size__hover=\u00bb31px\u00bb header_font_size__hover_enabled=\u00bbon|hover\u00bb masonry_tile_background_color__hover_enabled=\u00bbon|desktop\u00bb header_font_size__hover=\u00bb18px\u00bb header_text_color__hover_enabled=\u00bbon|hover\u00bb header_text_color__hover=\u00bb#fcb000&#8243; module_alignment=\u00bbcenter\u00bb max_width=\u00bb100%\u00bb sticky_enabled=\u00bb0&#8243;][\/et_pb_blog][\/et_pb_column][\/et_pb_row][\/et_pb_section]<\/p>\n","protected":false},"excerpt":{"rendered":"<p>ATENCI\u00d3N: Pr\u00f3ximamente se publicar\u00e1n los programas a desarrollar en las diferentes ciudades donde se tiene previsto celebrar LA NOCHE EUROPEA DE LOS VOLCANES 2021:ATTENTION: The programs to be developed in the different cities where the 2021 EUROPEAN NIGHT OF VOLCANOES are scheduled to be held will be published soon:<\/p>\n","protected":false},"author":1,"featured_media":0,"parent":0,"menu_order":20,"comment_status":"closed","ping_status":"closed","template":"","meta":{"_et_pb_use_builder":"on","_et_pb_old_content":"<p>Los programas finales de LA NOCHE EUROPEA DE LOS VOLCANES 2016 para cada uno de los municipios d\u00f3nde se celebrar\u00e1 este evento estar\u00e1n disponibles para su descarga en los siguientes enlaces a partir del 12 de septiembre de 2016<\/p><ul><li><a href=\"https:\/\/volcanoesnight.com\/fuencaliente-la-palma\/\">FUENCALIENTE<\/a> (La Palma, Canary Islands, SPAIN)<\/li><li><a href=\"https:\/\/volcanoesnight.com\/programa\/puerto-de-la-cruz-tenerife\/\">PUERTO DE LA CRUZ<\/a> (Tenerife, Canary Islands, SPAIN)<\/li><li><a href=\"https:\/\/volcanoesnight.com\/programa\/la-frontera-el-hierro\/\">LA FRONTERA<\/a> (El Hierro, Canary Islands, SPAIN)<\/li><li><a href=\"https:\/\/volcanoesnight.com\/programa\/yaiza-lanzarote\/\">YAIZA<\/a> (Lanzarote, Canary Islands, SPAIN)<\/li><li><a href=\"https:\/\/volcanoesnight.com\/ingenio-gran-canaria\/\">INGENIO<\/a> (Gran Canaria Island, SPAIN)<\/li><li><a href=\"https:\/\/volcanoesnight.com\/programa\/alcolea-de-calatrava-ciudad-real\/\">ALCOLEA DE CALATRAVA<\/a> (Ciudad Real, SPAIN)<\/li><li><a href=\"https:\/\/volcanoesnight.com\/programa\/granatula-de-calatrava-ciudad-real\/\">GRAN\u00c1TULA DE CALATRAVA<\/a> (Ciudad Real, SPAIN)<\/li><li><a href=\"https:\/\/volcanoesnight.com\/programa\/valenzuela-de-calatrava-ciudad-real\/\">VALENZUELA DE CALATRAVA<\/a> (Ciudad Real, SPAIN)<\/li><li><a href=\"https:\/\/volcanoesnight.com\/programa\/olot-girona\/\">OLOT<\/a> (Girona, SPAIN)<\/li><li><a href=\"https:\/\/volcanoesnight.com\/programa\/catania-italia\/\">CATANIA<\/a> (Sicilia, ITALY)<\/li><li><a href=\"https:\/\/volcanoesnight.com\/programa\/napoles-italia\/\">NAPOLI<\/a> (ITALY)<\/li><li><a href=\"https:\/\/volcanoesnight.com\/programa\/ponta-delgada-acores-portugal\/\">PONTA DELGADA<\/a> (S\u00e3o Miguel, A\u00e7ores, PORTUGAL)<\/li><li><a href=\"https:\/\/volcanoesnight.com\/programa\/portsmouth-reino-unido\/\">PORTSMOUTH<\/a> (UNITED KINGDOM)<\/li><\/ul><p>\u00a0<\/p>","_et_gb_content_width":"","footnotes":""},"class_list":["post-54","page","type-page","status-publish","hentry"],"_links":{"self":[{"href":"https:\/\/volcanoesnight.com\/index.php?rest_route=\/wp\/v2\/pages\/54","targetHints":{"allow":["GET"]}}],"collection":[{"href":"https:\/\/volcanoesnight.com\/index.php?rest_route=\/wp\/v2\/pages"}],"about":[{"href":"https:\/\/volcanoesnight.com\/index.php?rest_route=\/wp\/v2\/types\/page"}],"author":[{"embeddable":true,"href":"https:\/\/volcanoesnight.com\/index.php?rest_route=\/wp\/v2\/users\/1"}],"replies":[{"embeddable":true,"href":"https:\/\/volcanoesnight.com\/index.php?rest_route=%2Fwp%2Fv2%2Fcomments&post=54"}],"version-history":[{"count":5,"href":"https:\/\/volcanoesnight.com\/index.php?rest_route=\/wp\/v2\/pages\/54\/revisions"}],"predecessor-version":[{"id":3639,"href":"https:\/\/volcanoesnight.com\/index.php?rest_route=\/wp\/v2\/pages\/54\/revisions\/3639"}],"wp:attachment":[{"href":"https:\/\/volcanoesnight.com\/index.php?rest_route=%2Fwp%2Fv2%2Fmedia&parent=54"}],"curies":[{"name":"wp","href":"https:\/\/api.w.org\/{rel}","templated":true}]}}