{"id":100,"date":"2016-08-12T17:01:27","date_gmt":"2016-08-12T17:01:27","guid":{"rendered":"http:\/\/volcanoesnight.com\/?page_id=100"},"modified":"2021-09-04T18:04:01","modified_gmt":"2021-09-04T18:04:01","slug":"ediciones-anteriores","status":"publish","type":"page","link":"https:\/\/volcanoesnight.com\/?page_id=100","title":{"rendered":"Ediciones anteriores \u00b7 Past editions"},"content":{"rendered":"<p>[et_pb_section fb_built=\u00bb1&#8243; admin_label=\u00bbsection\u00bb _builder_version=\u00bb3.22&#8243; global_colors_info=\u00bb{}\u00bb][et_pb_row column_structure=\u00bb1_2,1_2&#8243; _builder_version=\u00bb3.25&#8243; background_size=\u00bbinitial\u00bb background_position=\u00bbtop_left\u00bb background_repeat=\u00bbrepeat\u00bb global_colors_info=\u00bb{}\u00bb][et_pb_column type=\u00bb1_2&#8243; _builder_version=\u00bb3.25&#8243; custom_padding=\u00bb|||\u00bb global_colors_info=\u00bb{}\u00bb custom_padding__hover=\u00bb|||\u00bb][et_pb_text _builder_version=\u00bb4.10.5&#8243; background_size=\u00bbinitial\u00bb background_position=\u00bbtop_left\u00bb background_repeat=\u00bbrepeat\u00bb use_border_color=\u00bboff\u00bb global_colors_info=\u00bb{}\u00bb]<\/p>\n<div class=\"entry-content\">\n<p style=\"text-align: justify;\">LA NOCHE EUROPEA DE LOS VOLCANES es una continuidad del proyecto conocido por <a href=\"http:\/\/www.oepm.es\/es\/signos_distintivos\/detalle.html?ref=M%203547950\">LA NOCHE DE LOS VOLCANES<\/a>, una marca registrada por el Ayuntamiento de Fuencaliente (La Palma, Islas Canarias, Espa\u00f1a). Las ediciones de 2012 a 2015\u00a0fueron co-financiadas por los programas de investigaci\u00f3n e innovaci\u00f3n del 7PM y H2020 de la Uni\u00f3n Europea en el marco de los acuerdos de subvenci\u00f3n 316558, 610050 y 633310.<\/p>\n<\/div>\n<div class=\"entry-content\"><\/div>\n<p>[\/et_pb_text][\/et_pb_column][et_pb_column type=\u00bb1_2&#8243; _builder_version=\u00bb3.25&#8243; custom_padding=\u00bb|||\u00bb global_colors_info=\u00bb{}\u00bb custom_padding__hover=\u00bb|||\u00bb][et_pb_text _builder_version=\u00bb4.10.6&#8243; use_border_color=\u00bboff\u00bb border_color=\u00bb#ffffff\u00bb border_style=\u00bbsolid\u00bb global_colors_info=\u00bb{}\u00bb]<\/p>\n<div class=\"entry-content\">\n<p style=\"text-align: justify;\">THE EUROPEAN VOLCANOE&#8217;S NIGHT is a continuation of the project known <a href=\"http:\/\/www.oepm.es\/es\/signos_distintivos\/detalle.html?ref=M%203547950\">LA NOCHE DE LOS VOLCANES<\/a>,\u00a0a trademark of the municipality of Fuencaliente (La Palma, Canary Islands, Spain). The 2012-2015\u00a0editions were co-funded by the research programs and innovation FP7 and H2020 of the European Union under Grant Agreements 316558, 610050 and 63331.<\/p>\n<\/div>\n<p>[\/et_pb_text][\/et_pb_column][\/et_pb_row][et_pb_row _builder_version=\u00bb4.10.5&#8243; _module_preset=\u00bbdefault\u00bb global_colors_info=\u00bb{}\u00bb][et_pb_column type=\u00bb4_4&#8243; _builder_version=\u00bb4.10.5&#8243; _module_preset=\u00bbdefault\u00bb global_colors_info=\u00bb{}\u00bb][et_pb_text _builder_version=\u00bb4.10.6&#8243; _module_preset=\u00bbdefault\u00bb hover_enabled=\u00bb0&#8243; global_colors_info=\u00bb{}\u00bb sticky_enabled=\u00bb0&#8243;]<\/p>\n<ul>\n<li><a href=\"http:\/\/2018.volcanoesnight.iter.es\">La Noche Europea de los Volcanes 2019<\/a><\/li>\n<li><a href=\"http:\/\/2018.volcanoesnight.iter.es\">La Noche Europea de los Volcanes 2018<\/a><\/li>\n<li><a href=\"http:\/\/2017.volcanoesnight.iter.es\">La Noche Europea de los Volcanes 2017<\/a><\/li>\n<li><a href=\"http:\/\/2016.volcanoesnight.iter.es\">La Noche Europea de los Volcanes 2016<\/a><\/li>\n<li><a href=\"http:\/\/2015.lanochedelosvolcanes.iter.es\/\">La Noche de los Volcanes 2015<\/a><\/li>\n<li><a href=\"http:\/\/2014.lanochedelosvolcanes.iter.es\/\" target=\"_blank\" rel=\"noopener\">La Noche de los Volcanes 2014<\/a><\/li>\n<li><a href=\"http:\/\/2013.nochedevolcanes.es\" target=\"_blank\" rel=\"noopener\">La Noche de los Volcanes 2013<\/a><\/li>\n<li><a href=\"http:\/\/2012.nochedevolcanes.es\/\">La Noche de los Volcanes 2012<\/a><\/li>\n<\/ul>\n<p>[\/et_pb_text][\/et_pb_column][\/et_pb_row][\/et_pb_section]<\/p>\n","protected":false},"excerpt":{"rendered":"<p>LA NOCHE EUROPEA DE LOS VOLCANES es una continuidad del proyecto conocido por LA NOCHE DE LOS VOLCANES, una marca registrada por el Ayuntamiento de Fuencaliente (La Palma, Islas Canarias, Espa\u00f1a). Las ediciones de 2012 a 2015\u00a0fueron co-financiadas por los programas de investigaci\u00f3n e innovaci\u00f3n del 7PM y H2020 de la Uni\u00f3n Europea en el [&hellip;]<\/p>\n","protected":false},"author":1,"featured_media":0,"parent":39,"menu_order":0,"comment_status":"closed","ping_status":"closed","template":"","meta":{"_et_pb_use_builder":"on","_et_pb_old_content":"<div class=\"entry-content\"><p>En los siguientes enlaces puedes acceder a las pasadas ediciones de este evento que nace de una idea original del Ayuntamiento de Fuencaliente (La Palma, Islas Canarias, Espa\u00f1a)<\/p><ul><li><a href=\"http:\/\/2015.lanochedelosvolcanes.iter.es\/\" target=\"_blank\">La Noche de los Volcanes 2015<\/a><\/li><li><a href=\"http:\/\/2014.lanochedelosvolcanes.iter.es\/\" target=\"_blank\">La Noche de los Volcanes 2014<\/a><\/li><li><a href=\"http:\/\/2013.nochedevolcanes.es\" target=\"_blank\">La Noche de los Volcanes 2013<\/a><\/li><li><a href=\"http:\/\/2015.lanochedelosvolcanes.iter.es\/2012-2\/\">La Noche de los Volcanes 2012<\/a><\/li><\/ul><\/div>","_et_gb_content_width":"","footnotes":""},"class_list":["post-100","page","type-page","status-publish","hentry"],"_links":{"self":[{"href":"https:\/\/volcanoesnight.com\/index.php?rest_route=\/wp\/v2\/pages\/100","targetHints":{"allow":["GET"]}}],"collection":[{"href":"https:\/\/volcanoesnight.com\/index.php?rest_route=\/wp\/v2\/pages"}],"about":[{"href":"https:\/\/volcanoesnight.com\/index.php?rest_route=\/wp\/v2\/types\/page"}],"author":[{"embeddable":true,"href":"https:\/\/volcanoesnight.com\/index.php?rest_route=\/wp\/v2\/users\/1"}],"replies":[{"embeddable":true,"href":"https:\/\/volcanoesnight.com\/index.php?rest_route=%2Fwp%2Fv2%2Fcomments&post=100"}],"version-history":[{"count":5,"href":"https:\/\/volcanoesnight.com\/index.php?rest_route=\/wp\/v2\/pages\/100\/revisions"}],"predecessor-version":[{"id":3485,"href":"https:\/\/volcanoesnight.com\/index.php?rest_route=\/wp\/v2\/pages\/100\/revisions\/3485"}],"up":[{"embeddable":true,"href":"https:\/\/volcanoesnight.com\/index.php?rest_route=\/wp\/v2\/pages\/39"}],"wp:attachment":[{"href":"https:\/\/volcanoesnight.com\/index.php?rest_route=%2Fwp%2Fv2%2Fmedia&parent=100"}],"curies":[{"name":"wp","href":"https:\/\/api.w.org\/{rel}","templated":true}]}}